
{"id":12145,"date":"2024-09-02T16:35:29","date_gmt":"2024-09-02T08:35:29","guid":{"rendered":"https:\/\/www.redingpackaging.com\/product\/4x6-100x150-high-quality-waterproof-printable-thermal-label-paper-stickers-custom-logistics-transportation-thermal-labels\/"},"modified":"2024-09-02T16:35:59","modified_gmt":"2024-09-02T08:35:59","slug":"4x6-100x150-high-quality-waterproof-printable-thermal-label-paper-stickers-custom-logistics-transportation-thermal-labels","status":"publish","type":"product","link":"https:\/\/www.redingpackaging.com\/pt\/product\/4x6-100x150-high-quality-waterproof-printable-thermal-label-paper-stickers-custom-logistics-transportation-thermal-labels\/","title":{"rendered":"4\u00d76 100\u00d7150 Etiquetas t\u00e9rmicas de alta qualidade, \u00e0 prova de \u00e1gua e imprim\u00edveis, autocolantes de papel para etiquetas t\u00e9rmicas de transporte de log\u00edstica personalizada"},"content":{"rendered":"","protected":false},"excerpt":{"rendered":"","protected":false},"featured_media":12144,"template":"","meta":{"_seopress_robots_primary_cat":"","_seopress_titles_title":"","_seopress_titles_desc":"","_seopress_robots_index":"","site-sidebar-layout":"","site-content-layout":"","ast-global-header-display":"","ast-banner-title-visibility":"","ast-main-header-display":"","ast-hfb-above-header-display":"","ast-hfb-below-header-display":"","ast-hfb-mobile-header-display":"","site-post-title":"","ast-breadcrumbs-content":"","ast-featured-img":"","footer-sml-layout":"","theme-transparent-header-meta":"","adv-header-id-meta":"","stick-header-meta":"","header-above-stick-meta":"","header-main-stick-meta":"","header-below-stick-meta":""},"product_cat":[83],"product_tag":[],"_links":{"self":[{"href":"https:\/\/www.redingpackaging.com\/pt\/wp-json\/wp\/v2\/product\/12145"}],"collection":[{"href":"https:\/\/www.redingpackaging.com\/pt\/wp-json\/wp\/v2\/product"}],"about":[{"href":"https:\/\/www.redingpackaging.com\/pt\/wp-json\/wp\/v2\/types\/product"}],"wp:featuredmedia":[{"embeddable":true,"href":"https:\/\/www.redingpackaging.com\/pt\/wp-json\/wp\/v2\/media\/12144"}],"wp:attachment":[{"href":"https:\/\/www.redingpackaging.com\/pt\/wp-json\/wp\/v2\/media?parent=12145"}],"wp:term":[{"taxonomy":"product_cat","embeddable":true,"href":"https:\/\/www.redingpackaging.com\/pt\/wp-json\/wp\/v2\/product_cat?post=12145"},{"taxonomy":"product_tag","embeddable":true,"href":"https:\/\/www.redingpackaging.com\/pt\/wp-json\/wp\/v2\/product_tag?post=12145"}],"curies":[{"name":"wp","href":"https:\/\/api.w.org\/{rel}","templated":true}]}}