
{"id":15566,"date":"2024-09-02T20:59:38","date_gmt":"2024-09-02T12:59:38","guid":{"rendered":"https:\/\/www.redingpackaging.com\/product\/a4-a5-a6-custom-kiss-cut-stickers-sheet-printing-adhesive-vinyl-waterproof-cute-cartoon-logo-sticker-sheet-for-kids\/"},"modified":"2024-09-02T21:00:09","modified_gmt":"2024-09-02T13:00:09","slug":"a4-a5-a6-custom-kiss-cut-stickers-sheet-printing-adhesive-vinyl-waterproof-cute-cartoon-logo-sticker-sheet-for-kids","status":"publish","type":"product","link":"https:\/\/www.redingpackaging.com\/pl\/product\/a4-a5-a6-custom-kiss-cut-stickers-sheet-printing-adhesive-vinyl-waterproof-cute-cartoon-logo-sticker-sheet-for-kids\/","title":{"rendered":"A4 A5 A6 Niestandardowy arkusz naklejek do wycinania poca\u0142unk\u00f3w, samoprzylepny winyl wodoodporny arkusz naklejek z logo uroczej kresk\u00f3wki dla dzieci"},"content":{"rendered":"","protected":false},"excerpt":{"rendered":"","protected":false},"featured_media":15565,"template":"","meta":{"_seopress_robots_primary_cat":"","_seopress_titles_title":"","_seopress_titles_desc":"","_seopress_robots_index":"","site-sidebar-layout":"","site-content-layout":"","ast-global-header-display":"","ast-banner-title-visibility":"","ast-main-header-display":"","ast-hfb-above-header-display":"","ast-hfb-below-header-display":"","ast-hfb-mobile-header-display":"","site-post-title":"","ast-breadcrumbs-content":"","ast-featured-img":"","footer-sml-layout":"","theme-transparent-header-meta":"","adv-header-id-meta":"","stick-header-meta":"","header-above-stick-meta":"","header-main-stick-meta":"","header-below-stick-meta":""},"product_cat":[83],"product_tag":[],"_links":{"self":[{"href":"https:\/\/www.redingpackaging.com\/pl\/wp-json\/wp\/v2\/product\/15566"}],"collection":[{"href":"https:\/\/www.redingpackaging.com\/pl\/wp-json\/wp\/v2\/product"}],"about":[{"href":"https:\/\/www.redingpackaging.com\/pl\/wp-json\/wp\/v2\/types\/product"}],"wp:featuredmedia":[{"embeddable":true,"href":"https:\/\/www.redingpackaging.com\/pl\/wp-json\/wp\/v2\/media\/15565"}],"wp:attachment":[{"href":"https:\/\/www.redingpackaging.com\/pl\/wp-json\/wp\/v2\/media?parent=15566"}],"wp:term":[{"taxonomy":"product_cat","embeddable":true,"href":"https:\/\/www.redingpackaging.com\/pl\/wp-json\/wp\/v2\/product_cat?post=15566"},{"taxonomy":"product_tag","embeddable":true,"href":"https:\/\/www.redingpackaging.com\/pl\/wp-json\/wp\/v2\/product_tag?post=15566"}],"curies":[{"name":"wp","href":"https:\/\/api.w.org\/{rel}","templated":true}]}}