
{"id":6463,"date":"2024-08-29T16:29:41","date_gmt":"2024-08-29T08:29:41","guid":{"rendered":"https:\/\/www.redingpackaging.com\/product\/factory-wholesale-custom-logo-jewelry-stud-earrings-necklace-bracelet-packaging-box-led-ring-jewelry-box\/"},"modified":"2024-08-29T16:29:55","modified_gmt":"2024-08-29T08:29:55","slug":"factory-wholesale-custom-logo-jewelry-stud-earrings-necklace-bracelet-packaging-box-led-ring-jewelry-box","status":"publish","type":"product","link":"https:\/\/www.redingpackaging.com\/es\/product\/factory-wholesale-custom-logo-jewelry-stud-earrings-necklace-bracelet-packaging-box-led-ring-jewelry-box\/","title":{"rendered":"F\u00e1brica al por mayor de encargo del logotipo de la joyer\u00eda Stud Pendientes Collar Pulsera Caja de Embalaje Led Anillo Caja de joyer\u00eda"},"content":{"rendered":"","protected":false},"excerpt":{"rendered":"","protected":false},"featured_media":6462,"template":"","meta":{"_seopress_robots_primary_cat":"","_seopress_titles_title":"","_seopress_titles_desc":"","_seopress_robots_index":"","site-sidebar-layout":"","site-content-layout":"","ast-global-header-display":"","ast-banner-title-visibility":"","ast-main-header-display":"","ast-hfb-above-header-display":"","ast-hfb-below-header-display":"","ast-hfb-mobile-header-display":"","site-post-title":"","ast-breadcrumbs-content":"","ast-featured-img":"","footer-sml-layout":"","theme-transparent-header-meta":"","adv-header-id-meta":"","stick-header-meta":"","header-above-stick-meta":"","header-main-stick-meta":"","header-below-stick-meta":""},"product_cat":[81,77],"product_tag":[],"_links":{"self":[{"href":"https:\/\/www.redingpackaging.com\/es\/wp-json\/wp\/v2\/product\/6463"}],"collection":[{"href":"https:\/\/www.redingpackaging.com\/es\/wp-json\/wp\/v2\/product"}],"about":[{"href":"https:\/\/www.redingpackaging.com\/es\/wp-json\/wp\/v2\/types\/product"}],"wp:featuredmedia":[{"embeddable":true,"href":"https:\/\/www.redingpackaging.com\/es\/wp-json\/wp\/v2\/media\/6462"}],"wp:attachment":[{"href":"https:\/\/www.redingpackaging.com\/es\/wp-json\/wp\/v2\/media?parent=6463"}],"wp:term":[{"taxonomy":"product_cat","embeddable":true,"href":"https:\/\/www.redingpackaging.com\/es\/wp-json\/wp\/v2\/product_cat?post=6463"},{"taxonomy":"product_tag","embeddable":true,"href":"https:\/\/www.redingpackaging.com\/es\/wp-json\/wp\/v2\/product_tag?post=6463"}],"curies":[{"name":"wp","href":"https:\/\/api.w.org\/{rel}","templated":true}]}}